{"id":376,"date":"2013-01-09T16:26:16","date_gmt":"2013-01-09T15:26:16","guid":{"rendered":"http:\/\/www.irmakamp.com\/?page_id=376"},"modified":"2020-10-25T13:29:34","modified_gmt":"2020-10-25T12:29:34","slug":"bedingungen","status":"publish","type":"page","link":"https:\/\/www.irmakamp.com\/de\/bedingungen\/","title":{"rendered":"Gesch\u00e4ftsbedingungen"},"content":{"rendered":"<p><strong> Diese Bedingungen gelten f\u00fcr alle Dienstleistungen meiner Praxis.<\/strong><br \/>\nWenn Sie eine Behandlung, Beratung oder einen anderen Service aus meiner Praxis in Anspruch nehmen, stimmen Sie den folgenden Bedingungen zu.<\/p>\n<p><strong>Behandlungen \/ Konsultationen<\/strong><br \/>\nBehandlungen nur nach Vereinbarung. Ein Termin kann bis zu 24 Stunden im Voraus kostenlos abgesagt werden. Bei Stornierung innerhalb von 24 Stunden behalte ich mir das Recht vor, eine Behandlung von 1 Stunde in Rechnung zu stellen. Behandlungen m\u00fcssen jeweils in bar oder im Voraus per Bank\u00fcberweisung (f\u00fcr Fernbehandlungen) bezahlt werden.<\/p>\n<p><strong> Ihre Verantwortung<\/strong><br \/>\nEinige der Behandlungen, die ich in meiner Praxis anbiete, dienen der Unterst\u00fctzung und Erg\u00e4nzung der regelm\u00e4\u00dfigen medizinischen Gesundheitsversorgung. Sie sind kein Ersatz f\u00fcr eine medizinische Behandlung durch einen Arzt oder Spezialisten. Deshalb behandle ich keine Erkrankungen, die eine \u00dcberweisung durch einen Arzt oder Spezialisten erfordern. Ich mache auch keine Diagnosen, schreibe keine Rezepte und gebe keine Medikamente. Fragen Sie immer zuerst Ihren Arzt oder Spezialisten, wenn Sie Beschwerden haben. Die Teilnahme an einer Behandlung erfolgt auf eigenes Risiko. Ein anderer Teil meiner Behandlungen betrifft meine Gaben als Hellseher, Hellseher, Hellseher und Hellseher. Sie haben die Wahl, ob Sie etwas mit meinen Vorhersagen anfangen wollen oder nicht.<\/p>\n<p><strong> Meine Verantwortung<\/strong><br \/>\nIch bem\u00fche mich nach besten Kr\u00e4ften, meine Gaben zu nutzen. Es liegt in meiner Verantwortung, Sie ehrlich und sinnvoll zu behandeln und meine Gaben zu nutzen. In gegenseitiger Absprache legen wir die anzuwendenden Behandlungsmethoden und die Dauer der Behandlung fest. Ich teile meine Erkenntnisse mit Ihnen, wie ich sie w\u00e4hrend der Behandlung erlebt habe. Alle aus der Behandlung resultierenden Informationen bleiben vertraulich. Wenn ich das Gef\u00fchl habe, dass ich Ihnen nicht weiter helfen kann, empfehle ich Ihnen, sich an eine andere Person zu wenden.<\/p>\n<p><strong> Geltendes Recht und Streitigkeiten<\/strong><br \/>\nAlle Rechtsbeziehungen, an denen ich beteiligt bin, unterliegen ausschlie\u00dflich niederl\u00e4ndischem Recht, auch wenn eine Verpflichtung ganz oder teilweise im Ausland erf\u00fcllt wird oder wenn die an der Rechtsbeziehung beteiligte Partei ihren Wohnsitz dort hat. Die Anwendbarkeit des Wiener Kaufrechts ist ausgeschlossen. Der Richter an meinem Gesch\u00e4ftssitz ist ausschlie\u00dflich f\u00fcr die Entscheidung von Streitigkeiten zust\u00e4ndig, sofern das Gesetz nichts anderes vorschreibt. Trotzdem habe ich das Recht, den Streit dem zust\u00e4ndigen Gericht nach dem Gesetz vorzulegen. Die Parteien werden erst dann Berufung bei den Gerichten einlegen, wenn sie alle Anstrengungen unternommen haben, um einen Streit in gegenseitiger Konsultation beizulegen.<\/p>\n<p><strong> Zahlungs- und Inkassokosten<\/strong><br \/>\nSofern die Zahlung sp\u00e4ter mit mir vereinbart wurde, muss die Zahlung immer innerhalb von 14 Tagen nach Rechnungsdatum in einer von mir angegebenen Weise erfolgen. Wenn Sie eine Rechnung nicht rechtzeitig bezahlen, sind Sie gesetzlich in Verzug. Sie schulden dann Zinsen von 1% pro Monat, es sei denn, die gesetzlichen Zinsen sind h\u00f6her. In diesem Fall sind die gesetzlichen Zinsen f\u00e4llig. Die Zinsen f\u00fcr den f\u00e4lligen Betrag werden vom Zeitpunkt Ihres Verzugs bis zum Zeitpunkt der Zahlung des gesamten f\u00e4lligen Betrags berechnet. Einw\u00e4nde gegen den Rechnungsbetrag setzen die Zahlungsverpflichtung nicht au\u00dfer Kraft. Sie k\u00f6nnen sich nicht auf Abschnitt 6.5.3 (Artikel 231 bis 247, Buch 6 BW) berufen. Sie sind auch nicht berechtigt, die Zahlung einer Rechnung aus einem anderen Grund auszusetzen. Wenn Sie bei der (rechtzeitigen) Erf\u00fcllung seiner Verpflichtungen in Verzug oder Unterlassung sind, gehen alle angemessenen Kosten, die bei der au\u00dfergerichtlichen Einigung entstehen, auf Ihre Rechnung. Eventuell anfallende Gerichts- und Vollstreckungskosten werden ebenfalls von Ihnen erstattet. Sie schulden auch Zinsen f\u00fcr die geschuldeten Inkassokosten.<\/p>\n<p><strong> Haftung<\/strong><br \/>\nSollte der Benutzer haftbar sein, ist diese Haftung auf das beschr\u00e4nkt, was in dieser Bestimmung geregelt ist. Der Benutzer haftet nicht f\u00fcr Sch\u00e4den jeglicher Art, die dadurch entstehen, dass der Benutzer sich auf falsche und \/ oder unvollst\u00e4ndige Informationen verlassen hat, die vom oder im Namen des Kunden bereitgestellt wurden. Sollte der Benutzer f\u00fcr Sch\u00e4den haften, ist die Haftung des Benutzers auf das Maximum des Rechnungswerts der Bestellung oder zumindest auf den Teil der Bestellung beschr\u00e4nkt, auf den sich die Haftung bezieht. Die Haftung des Nutzers ist in jedem Fall immer auf den von seinem Versicherer gegebenenfalls ausgezahlten Betrag begrenzt. Der Benutzer haftet nur f\u00fcr direkte Sch\u00e4den. Unter direktem Schaden sind ausschlie\u00dflich die angemessenen Kosten zur Feststellung der Ursache und des Ausma\u00dfes des Schadens zu verstehen, sofern sich die Feststellung auf einen Schaden im Sinne dieser Gesch\u00e4ftsbedingungen bezieht, sowie alle angemessenen Kosten, die f\u00fcr die mangelhafte Erf\u00fcllung der Vereinbarung durch den Benutzer entstehen. beantwortet, sofern diese dem Benutzer zuzurechnen sind und angemessene Kosten zur Verhinderung oder Begrenzung von Sch\u00e4den anfallen, sofern der Kunde nachweist, dass diese Kosten zu einer Begrenzung des direkten Schadens gem\u00e4\u00df diesen Allgemeinen Gesch\u00e4ftsbedingungen gef\u00fchrt haben. Der Benutzer haftet niemals f\u00fcr indirekte Sch\u00e4den, einschlie\u00dflich Folgesch\u00e4den, entgangenen Gewinns, fehlender Ersparnisse und Sch\u00e4den aufgrund von Betriebsunterbrechungen. Die in diesem Artikel enthaltenen Haftungsbeschr\u00e4nkungen gelten nicht, wenn der Schaden auf Vorsatz oder grober Fahrl\u00e4ssigkeit des Benutzers oder seiner leitenden Angestellten beruht.<\/p>\n<p><strong> Haftungsausschluss<\/strong><br \/>\nDer Kunde stellt den Benutzer von jeglichen Anspr\u00fcchen Dritter frei, die im Zusammenhang mit der Durchf\u00fchrung des Vertrags Schaden erleiden und deren Ursache nicht dem Benutzer zuzurechnen ist.<\/p>\n<p><strong> 25.05.2008<\/strong><br \/>\nVon nun an werde ich Ihre E-Mail-Adresse <em> &lt;\/ em&gt; nicht mehr f\u00fcr Newsletter oder andere kommerzielle Zwecke verwenden.<br \/>\nWenn Sie mir eine E-Mail senden, wird diese nur zum Beantworten Ihrer E-Mail verwendet.<\/em><\/p>\n<p>Registrierungsnummer KvK 08185546 in Enschede<br \/>\nUmsatzsteuer-Identifikationsnummer NL001652729B74<\/p>\n<p><em>Vorbehaltlich Druckfehlern<\/em><\/p>\n","protected":false},"excerpt":{"rendered":"<p>Diese Bedingungen gelten f\u00fcr alle Dienstleistungen meiner Praxis. Wenn Sie eine Behandlung, Beratung oder einen anderen Service aus meiner Praxis in Anspruch nehmen, stimmen Sie den folgenden Bedingungen zu. Behandlungen \/ Konsultationen Behandlungen nur nach Vereinbarung. Ein Termin kann bis zu 24 Stunden im Voraus kostenlos abgesagt werden. Bei Stornierung innerhalb von 24 Stunden behalte [&hellip;]<\/p>\n","protected":false},"author":2,"featured_media":0,"parent":0,"menu_order":0,"comment_status":"closed","ping_status":"open","template":"","meta":{"footnotes":""},"class_list":["post-376","page","type-page","status-publish","hentry"],"yoast_head":"<!-- This site is optimized with the Yoast SEO plugin v27.5 - https:\/\/yoast.com\/product\/yoast-seo-wordpress\/ -->\n<title>Gesch\u00e4ftsbedingungen - Irma Kamp \u2014 Paragnost &amp; Magnetiseur<\/title>\n<meta name=\"robots\" content=\"index, follow, max-snippet:-1, max-image-preview:large, max-video-preview:-1\" \/>\n<link rel=\"canonical\" href=\"https:\/\/www.irmakamp.com\/de\/bedingungen\/\" \/>\n<meta property=\"og:locale\" content=\"de_DE\" \/>\n<meta property=\"og:type\" content=\"article\" \/>\n<meta property=\"og:title\" content=\"Gesch\u00e4ftsbedingungen - Irma Kamp \u2014 Paragnost &amp; Magnetiseur\" \/>\n<meta property=\"og:description\" content=\"Diese Bedingungen gelten f\u00fcr alle Dienstleistungen meiner Praxis. Wenn Sie eine Behandlung, Beratung oder einen anderen Service aus meiner Praxis in Anspruch nehmen, stimmen Sie den folgenden Bedingungen zu. Behandlungen \/ Konsultationen Behandlungen nur nach Vereinbarung. Ein Termin kann bis zu 24 Stunden im Voraus kostenlos abgesagt werden. Bei Stornierung innerhalb von 24 Stunden behalte [&hellip;]\" \/>\n<meta property=\"og:url\" content=\"https:\/\/www.irmakamp.com\/de\/bedingungen\/\" \/>\n<meta property=\"og:site_name\" content=\"Irma Kamp \u2014 Paragnost &amp; Magnetiseur\" \/>\n<meta property=\"article:publisher\" content=\"https:\/\/www.facebook.com\/kamp.irma\/\" \/>\n<meta property=\"article:modified_time\" content=\"2020-10-25T12:29:34+00:00\" \/>\n<meta name=\"twitter:card\" content=\"summary_large_image\" \/>\n<meta name=\"twitter:label1\" content=\"Gesch\u00e4tzte Lesezeit\" \/>\n\t<meta name=\"twitter:data1\" content=\"4\u00a0Minuten\" \/>\n<script type=\"application\/ld+json\" class=\"yoast-schema-graph\">{\"@context\":\"https:\\\/\\\/schema.org\",\"@graph\":[{\"@type\":\"WebPage\",\"@id\":\"https:\\\/\\\/www.irmakamp.com\\\/de\\\/bedingungen\\\/\",\"url\":\"https:\\\/\\\/www.irmakamp.com\\\/de\\\/bedingungen\\\/\",\"name\":\"Gesch\u00e4ftsbedingungen - Irma Kamp \u2014 Paragnost & Magnetiseur\",\"isPartOf\":{\"@id\":\"https:\\\/\\\/www.irmakamp.com\\\/de\\\/#website\"},\"datePublished\":\"2013-01-09T15:26:16+00:00\",\"dateModified\":\"2020-10-25T12:29:34+00:00\",\"breadcrumb\":{\"@id\":\"https:\\\/\\\/www.irmakamp.com\\\/de\\\/bedingungen\\\/#breadcrumb\"},\"inLanguage\":\"de\",\"potentialAction\":[{\"@type\":\"ReadAction\",\"target\":[\"https:\\\/\\\/www.irmakamp.com\\\/de\\\/bedingungen\\\/\"]}]},{\"@type\":\"BreadcrumbList\",\"@id\":\"https:\\\/\\\/www.irmakamp.com\\\/de\\\/bedingungen\\\/#breadcrumb\",\"itemListElement\":[{\"@type\":\"ListItem\",\"position\":1,\"name\":\"Home\",\"item\":\"https:\\\/\\\/www.irmakamp.com\\\/de\\\/\"},{\"@type\":\"ListItem\",\"position\":2,\"name\":\"Gesch\u00e4ftsbedingungen\"}]},{\"@type\":\"WebSite\",\"@id\":\"https:\\\/\\\/www.irmakamp.com\\\/de\\\/#website\",\"url\":\"https:\\\/\\\/www.irmakamp.com\\\/de\\\/\",\"name\":\"Irma Kamp \u2014 Paragnost & Magnetiseur\",\"description\":\"Die Website des Mediums Irma Kamp\",\"publisher\":{\"@id\":\"https:\\\/\\\/www.irmakamp.com\\\/de\\\/#\\\/schema\\\/person\\\/83fa8ba8ff6f8078fb1cc27113bab915\"},\"potentialAction\":[{\"@type\":\"SearchAction\",\"target\":{\"@type\":\"EntryPoint\",\"urlTemplate\":\"https:\\\/\\\/www.irmakamp.com\\\/de\\\/?s={search_term_string}\"},\"query-input\":{\"@type\":\"PropertyValueSpecification\",\"valueRequired\":true,\"valueName\":\"search_term_string\"}}],\"inLanguage\":\"de\"},{\"@type\":[\"Person\",\"Organization\"],\"@id\":\"https:\\\/\\\/www.irmakamp.com\\\/de\\\/#\\\/schema\\\/person\\\/83fa8ba8ff6f8078fb1cc27113bab915\",\"name\":\"irma\",\"image\":{\"@type\":\"ImageObject\",\"inLanguage\":\"de\",\"@id\":\"https:\\\/\\\/www.irmakamp.com\\\/wp-content\\\/uploads\\\/2012\\\/12\\\/irma.jpg\",\"url\":\"https:\\\/\\\/www.irmakamp.com\\\/wp-content\\\/uploads\\\/2012\\\/12\\\/irma.jpg\",\"contentUrl\":\"https:\\\/\\\/www.irmakamp.com\\\/wp-content\\\/uploads\\\/2012\\\/12\\\/irma.jpg\",\"width\":\"297\",\"height\":\"440\",\"caption\":\"irma\"},\"logo\":{\"@id\":\"https:\\\/\\\/www.irmakamp.com\\\/wp-content\\\/uploads\\\/2012\\\/12\\\/irma.jpg\"},\"sameAs\":[\"https:\\\/\\\/www.facebook.com\\\/kamp.irma\\\/\",\"https:\\\/\\\/www.instagram.com\\\/kampirma\\\/\",\"https:\\\/\\\/www.linkedin.com\\\/in\\\/irma-kamp-5a933215a\\\/\"]}]}<\/script>\n<!-- \/ Yoast SEO plugin. -->","yoast_head_json":{"title":"Gesch\u00e4ftsbedingungen - Irma Kamp \u2014 Paragnost & Magnetiseur","robots":{"index":"index","follow":"follow","max-snippet":"max-snippet:-1","max-image-preview":"max-image-preview:large","max-video-preview":"max-video-preview:-1"},"canonical":"https:\/\/www.irmakamp.com\/de\/bedingungen\/","og_locale":"de_DE","og_type":"article","og_title":"Gesch\u00e4ftsbedingungen - Irma Kamp \u2014 Paragnost & Magnetiseur","og_description":"Diese Bedingungen gelten f\u00fcr alle Dienstleistungen meiner Praxis. Wenn Sie eine Behandlung, Beratung oder einen anderen Service aus meiner Praxis in Anspruch nehmen, stimmen Sie den folgenden Bedingungen zu. Behandlungen \/ Konsultationen Behandlungen nur nach Vereinbarung. Ein Termin kann bis zu 24 Stunden im Voraus kostenlos abgesagt werden. Bei Stornierung innerhalb von 24 Stunden behalte [&hellip;]","og_url":"https:\/\/www.irmakamp.com\/de\/bedingungen\/","og_site_name":"Irma Kamp \u2014 Paragnost & Magnetiseur","article_publisher":"https:\/\/www.facebook.com\/kamp.irma\/","article_modified_time":"2020-10-25T12:29:34+00:00","twitter_card":"summary_large_image","twitter_misc":{"Gesch\u00e4tzte Lesezeit":"4\u00a0Minuten"},"schema":{"@context":"https:\/\/schema.org","@graph":[{"@type":"WebPage","@id":"https:\/\/www.irmakamp.com\/de\/bedingungen\/","url":"https:\/\/www.irmakamp.com\/de\/bedingungen\/","name":"Gesch\u00e4ftsbedingungen - Irma Kamp \u2014 Paragnost & Magnetiseur","isPartOf":{"@id":"https:\/\/www.irmakamp.com\/de\/#website"},"datePublished":"2013-01-09T15:26:16+00:00","dateModified":"2020-10-25T12:29:34+00:00","breadcrumb":{"@id":"https:\/\/www.irmakamp.com\/de\/bedingungen\/#breadcrumb"},"inLanguage":"de","potentialAction":[{"@type":"ReadAction","target":["https:\/\/www.irmakamp.com\/de\/bedingungen\/"]}]},{"@type":"BreadcrumbList","@id":"https:\/\/www.irmakamp.com\/de\/bedingungen\/#breadcrumb","itemListElement":[{"@type":"ListItem","position":1,"name":"Home","item":"https:\/\/www.irmakamp.com\/de\/"},{"@type":"ListItem","position":2,"name":"Gesch\u00e4ftsbedingungen"}]},{"@type":"WebSite","@id":"https:\/\/www.irmakamp.com\/de\/#website","url":"https:\/\/www.irmakamp.com\/de\/","name":"Irma Kamp \u2014 Paragnost & Magnetiseur","description":"Die Website des Mediums Irma Kamp","publisher":{"@id":"https:\/\/www.irmakamp.com\/de\/#\/schema\/person\/83fa8ba8ff6f8078fb1cc27113bab915"},"potentialAction":[{"@type":"SearchAction","target":{"@type":"EntryPoint","urlTemplate":"https:\/\/www.irmakamp.com\/de\/?s={search_term_string}"},"query-input":{"@type":"PropertyValueSpecification","valueRequired":true,"valueName":"search_term_string"}}],"inLanguage":"de"},{"@type":["Person","Organization"],"@id":"https:\/\/www.irmakamp.com\/de\/#\/schema\/person\/83fa8ba8ff6f8078fb1cc27113bab915","name":"irma","image":{"@type":"ImageObject","inLanguage":"de","@id":"https:\/\/www.irmakamp.com\/wp-content\/uploads\/2012\/12\/irma.jpg","url":"https:\/\/www.irmakamp.com\/wp-content\/uploads\/2012\/12\/irma.jpg","contentUrl":"https:\/\/www.irmakamp.com\/wp-content\/uploads\/2012\/12\/irma.jpg","width":"297","height":"440","caption":"irma"},"logo":{"@id":"https:\/\/www.irmakamp.com\/wp-content\/uploads\/2012\/12\/irma.jpg"},"sameAs":["https:\/\/www.facebook.com\/kamp.irma\/","https:\/\/www.instagram.com\/kampirma\/","https:\/\/www.linkedin.com\/in\/irma-kamp-5a933215a\/"]}]}},"_links":{"self":[{"href":"https:\/\/www.irmakamp.com\/de\/wp-json\/wp\/v2\/pages\/376","targetHints":{"allow":["GET"]}}],"collection":[{"href":"https:\/\/www.irmakamp.com\/de\/wp-json\/wp\/v2\/pages"}],"about":[{"href":"https:\/\/www.irmakamp.com\/de\/wp-json\/wp\/v2\/types\/page"}],"author":[{"embeddable":true,"href":"https:\/\/www.irmakamp.com\/de\/wp-json\/wp\/v2\/users\/2"}],"replies":[{"embeddable":true,"href":"https:\/\/www.irmakamp.com\/de\/wp-json\/wp\/v2\/comments?post=376"}],"version-history":[{"count":4,"href":"https:\/\/www.irmakamp.com\/de\/wp-json\/wp\/v2\/pages\/376\/revisions"}],"predecessor-version":[{"id":1788,"href":"https:\/\/www.irmakamp.com\/de\/wp-json\/wp\/v2\/pages\/376\/revisions\/1788"}],"wp:attachment":[{"href":"https:\/\/www.irmakamp.com\/de\/wp-json\/wp\/v2\/media?parent=376"}],"curies":[{"name":"wp","href":"https:\/\/api.w.org\/{rel}","templated":true}]}}